{"id":350,"date":"2022-08-25T21:17:15","date_gmt":"2022-08-26T00:17:15","guid":{"rendered":"http:\/\/morettofogacaconsultoria.com.br\/?page_id=350"},"modified":"2022-12-10T12:17:16","modified_gmt":"2022-12-10T15:17:16","slug":"curso_entrevista_selecao_competencias","status":"publish","type":"page","link":"https:\/\/morettofogacaconsultoria.com.br\/index.php\/cursos\/curso_entrevista_selecao_competencias\/","title":{"rendered":"TORNE SEUS PROCESSOS SELETIVOS MAIS EFICAZES: Entrevista e Sele\u00e7\u00e3o por Compet\u00eancias"},"content":{"rendered":"\n<h6 class=\"has-text-align-center wp-block-heading\"><em>Ser\u00e1 fornecido certificado AOS QUE COMPLETAREM O CURSO NA HOTMART.<\/em><\/h6>\n\n\n\n<p><strong>Objetivo:<\/strong> Oportunizar aos profissionais que atuam na \u00e1rea de Recursos Humanos trabalhar os conceitos e t\u00e9cnicas que embasam a teoria de compet\u00eancias, buscando ofertar ferramentas que facilitem identificar o perfil de compet\u00eancias, realizar entrevista por compet\u00eancias e selecionar o colaborador que melhor se adequa a empresa contratante.<\/p>\n\n\n\n<p><strong>Conte\u00fado:<\/strong><\/p>\n\n\n\n<p>Teoria de compet\u00eancias<\/p>\n\n\n\n<p>Perfil profissiogr\u00e1fico por compet\u00eancias<\/p>\n\n\n\n<p>Entrevista por compet\u00eancias<\/p>\n\n\n\n<p>Atividade pr\u00e1tica &#8211; elabora\u00e7\u00e3o de roteiro de entrevista<\/p>\n\n\n\n<p>Postura do entrevistador por compet\u00eancias<\/p>\n\n\n\n<p>Escolha de t\u00e9cnicas de sele\u00e7\u00e3o por compet\u00eancias<\/p>\n\n\n\n<p>P\u00fablico-alvo: Profissionais de RH, psic\u00f3logos e estudantes. <\/p>\n\n\n\n<p><\/p>\n\n\n\n<p><strong>CARGA HOR\u00c1RIA:<\/strong> 8 horas<\/p>\n\n\n<p><script type=\"text\/javascript\">\n\tfunction importHotmart(){ \n \t\tvar imported = document.createElement('script'); \n \t\timported.src = 'https:\/\/static.hotmart.com\/checkout\/widget.min.js'; \n \t\tdocument.head.appendChild(imported); \n\t\tvar link = document.createElement('link'); \n\t\tlink.rel = 'stylesheet'; \n\t\tlink.type = 'text\/css'; \n\t\tlink.href = 'https:\/\/static.hotmart.com\/css\/hotmart-fb.min.css'; \n\t\tdocument.head.appendChild(link);\t} \n \timportHotmart(); \n <\/script><br \/>\n <a onclick=\"return false;\" href=\"https:\/\/pay.hotmart.com\/W76018226E?checkoutMode=2\" class=\"hotmart-fb hotmart__button-checkout\"><img decoding=\"async\" src=\"https:\/\/static.hotmart.com\/img\/btn-buy-green.png\"><\/a><\/p>\n\n\n\n<p><strong><a href=\"http:\/\/morettofogacaconsultoria.com.br\/index.php\/cursos\/\">Voltar para Cursos<\/a><\/strong><\/p>\n","protected":false},"excerpt":{"rendered":"<p>Ser\u00e1 fornecido certificado AOS QUE COMPLETAREM O CURSO NA HOTMART. Objetivo: Oportunizar aos profissionais que atuam na \u00e1rea de Recursos Humanos trabalhar os conceitos e t\u00e9cnicas que embasam a teoria &#8230;<\/p>\n","protected":false},"author":1,"featured_media":0,"parent":38,"menu_order":2,"comment_status":"closed","ping_status":"closed","template":"","meta":{"_uag_custom_page_level_css":"","footnotes":""},"class_list":["post-350","page","type-page","status-publish","hentry"],"uagb_featured_image_src":{"full":false,"thumbnail":false,"medium":false,"medium_large":false,"large":false,"1536x1536":false,"2048x2048":false,"onepress-blog-small":false,"onepress-small":false,"onepress-medium":false},"uagb_author_info":{"display_name":"morettofogacaconsultoria","author_link":"https:\/\/morettofogacaconsultoria.com.br\/index.php\/author\/morettofogacaconsultoria\/"},"uagb_comment_info":0,"uagb_excerpt":"Ser\u00e1 fornecido certificado AOS QUE COMPLETAREM O CURSO NA HOTMART. Objetivo: Oportunizar aos profissionais que atuam na \u00e1rea de Recursos Humanos trabalhar os conceitos e t\u00e9cnicas que embasam a teoria ...","_links":{"self":[{"href":"https:\/\/morettofogacaconsultoria.com.br\/index.php\/wp-json\/wp\/v2\/pages\/350","targetHints":{"allow":["GET"]}}],"collection":[{"href":"https:\/\/morettofogacaconsultoria.com.br\/index.php\/wp-json\/wp\/v2\/pages"}],"about":[{"href":"https:\/\/morettofogacaconsultoria.com.br\/index.php\/wp-json\/wp\/v2\/types\/page"}],"author":[{"embeddable":true,"href":"https:\/\/morettofogacaconsultoria.com.br\/index.php\/wp-json\/wp\/v2\/users\/1"}],"replies":[{"embeddable":true,"href":"https:\/\/morettofogacaconsultoria.com.br\/index.php\/wp-json\/wp\/v2\/comments?post=350"}],"version-history":[{"count":0,"href":"https:\/\/morettofogacaconsultoria.com.br\/index.php\/wp-json\/wp\/v2\/pages\/350\/revisions"}],"up":[{"embeddable":true,"href":"https:\/\/morettofogacaconsultoria.com.br\/index.php\/wp-json\/wp\/v2\/pages\/38"}],"wp:attachment":[{"href":"https:\/\/morettofogacaconsultoria.com.br\/index.php\/wp-json\/wp\/v2\/media?parent=350"}],"curies":[{"name":"wp","href":"https:\/\/api.w.org\/{rel}","templated":true}]}}