{"id":390,"date":"2022-08-25T21:57:06","date_gmt":"2022-08-26T00:57:06","guid":{"rendered":"http:\/\/morettofogacaconsultoria.com.br\/?page_id=390"},"modified":"2022-09-01T10:44:22","modified_gmt":"2022-09-01T13:44:22","slug":"avaliacao_psicologica_modulo-4","status":"publish","type":"page","link":"https:\/\/morettofogacaconsultoria.com.br\/index.php\/cursos\/avaliacao_psicologica_modulo-4\/","title":{"rendered":"Workshop: Avalia\u00e7\u00e3o Psicol\u00f3gica &#8211; M\u00f3dulo 4 &#8211; Elabora\u00e7\u00e3o de Documentos e Entrevista Devolutiva"},"content":{"rendered":"\n<figure class=\"wp-block-image size-full\"><img decoding=\"async\" width=\"886\" height=\"498\" src=\"http:\/\/morettofogacaconsultoria.com.br\/wp-content\/uploads\/2022\/08\/image-14.png\" alt=\"\" class=\"wp-image-391\" srcset=\"https:\/\/morettofogacaconsultoria.com.br\/wp-content\/uploads\/2022\/08\/image-14.png 886w, https:\/\/morettofogacaconsultoria.com.br\/wp-content\/uploads\/2022\/08\/image-14-300x169.png 300w, https:\/\/morettofogacaconsultoria.com.br\/wp-content\/uploads\/2022\/08\/image-14-768x432.png 768w\" sizes=\"(max-width: 886px) 100vw, 886px\" \/><\/figure>\n\n\n\n<h6 class=\"has-text-align-center wp-block-heading\"><em>Ser\u00e1 fornecido certificado aos participantes.<\/em><\/h6>\n\n\n\n<p><strong>OBJETIVO:&nbsp;<\/strong>Proporcionar para estudantes e profissionais de psicologia um espa\u00e7o para conhecer, discutir e organizar um roteiro de uma avalia\u00e7\u00e3o psicol\u00f3gica. Sendo este um momento de conhecer e aproximar-se dessa \u00e1rea que \u00e9 exclusiva da profiss\u00e3o do profissional de psicologia.<\/p>\n\n\n\n<p>CONTE\u00daDOS<\/p>\n\n\n\n<ul class=\"wp-block-list\"><li>Tipos de documentos psicol\u00f3gicos<\/li><li>Aspectos \u00e9ticos na elabora\u00e7\u00e3o de documentos psicol\u00f3gicos<\/li><li>Integra\u00e7\u00e3o de dados<\/li><li>Guarda de documentos<\/li><li>Entrevista devolutiva<\/li><\/ul>\n\n\n\n<p><strong>P\u00daBLICO-ALVO:<\/strong>&nbsp;Psic\u00f3logos e estudantes de psicologia.<\/p>\n\n\n\n<p><strong>CARGA HOR\u00c1RIA:&nbsp;<\/strong>8 horas<\/p>\n\n\n\n<p class=\"has-medium-font-size\"><strong><a href=\"https:\/\/www.sympla.com.br\/evento\/workshop-avaliacao-psicologica-modulo-4-elaboracao-de-documentos-e-entrevista-devolutiva\/1679664?_gl=1*nbfh3a*_ga*OTA4OTk4NzI1LjE2NDI3MDU1ODE.*_ga_KXH10SQTZF*MTY2MTI2MzMyOS40NS4xLjE2NjEyNjM1NjkuMC4wLjA.\" data-type=\"URL\" data-id=\"https:\/\/www.sympla.com.br\/evento\/workshop-avaliacao-psicologica-modulo-4-elaboracao-de-documentos-e-entrevista-devolutiva\/1679664?_gl=1*nbfh3a*_ga*OTA4OTk4NzI1LjE2NDI3MDU1ODE.*_ga_KXH10SQTZF*MTY2MTI2MzMyOS40NS4xLjE2NjEyNjM1NjkuMC4wLjA.\">Clique aqui e se inscreva!<\/a><\/strong><\/p>\n\n\n\n<p><strong><a href=\"http:\/\/morettofogacaconsultoria.com.br\/index.php\/cursos\/\">Voltar para Cursos<\/a><\/strong><\/p>\n","protected":false},"excerpt":{"rendered":"<p>Ser\u00e1 fornecido certificado aos participantes. OBJETIVO:&nbsp;Proporcionar para estudantes e profissionais de psicologia um espa\u00e7o para conhecer, discutir e organizar um roteiro de uma avalia\u00e7\u00e3o psicol\u00f3gica. Sendo este um momento de &#8230;<\/p>\n","protected":false},"author":1,"featured_media":0,"parent":38,"menu_order":-2,"comment_status":"closed","ping_status":"closed","template":"","meta":{"_uag_custom_page_level_css":"","footnotes":""},"class_list":["post-390","page","type-page","status-publish","hentry"],"uagb_featured_image_src":{"full":false,"thumbnail":false,"medium":false,"medium_large":false,"large":false,"1536x1536":false,"2048x2048":false,"onepress-blog-small":false,"onepress-small":false,"onepress-medium":false},"uagb_author_info":{"display_name":"morettofogacaconsultoria","author_link":"https:\/\/morettofogacaconsultoria.com.br\/index.php\/author\/morettofogacaconsultoria\/"},"uagb_comment_info":0,"uagb_excerpt":"Ser\u00e1 fornecido certificado aos participantes. OBJETIVO:&nbsp;Proporcionar para estudantes e profissionais de psicologia um espa\u00e7o para conhecer, discutir e organizar um roteiro de uma avalia\u00e7\u00e3o psicol\u00f3gica. Sendo este um momento de ...","_links":{"self":[{"href":"https:\/\/morettofogacaconsultoria.com.br\/index.php\/wp-json\/wp\/v2\/pages\/390","targetHints":{"allow":["GET"]}}],"collection":[{"href":"https:\/\/morettofogacaconsultoria.com.br\/index.php\/wp-json\/wp\/v2\/pages"}],"about":[{"href":"https:\/\/morettofogacaconsultoria.com.br\/index.php\/wp-json\/wp\/v2\/types\/page"}],"author":[{"embeddable":true,"href":"https:\/\/morettofogacaconsultoria.com.br\/index.php\/wp-json\/wp\/v2\/users\/1"}],"replies":[{"embeddable":true,"href":"https:\/\/morettofogacaconsultoria.com.br\/index.php\/wp-json\/wp\/v2\/comments?post=390"}],"version-history":[{"count":0,"href":"https:\/\/morettofogacaconsultoria.com.br\/index.php\/wp-json\/wp\/v2\/pages\/390\/revisions"}],"up":[{"embeddable":true,"href":"https:\/\/morettofogacaconsultoria.com.br\/index.php\/wp-json\/wp\/v2\/pages\/38"}],"wp:attachment":[{"href":"https:\/\/morettofogacaconsultoria.com.br\/index.php\/wp-json\/wp\/v2\/media?parent=390"}],"curies":[{"name":"wp","href":"https:\/\/api.w.org\/{rel}","templated":true}]}}