{"id":902,"date":"2024-11-03T01:13:35","date_gmt":"2024-11-03T04:13:35","guid":{"rendered":"https:\/\/morettofogacaconsultoria.com.br\/?page_id=902"},"modified":"2024-11-03T01:13:37","modified_gmt":"2024-11-03T04:13:37","slug":"avaliacao-neuropsicologica","status":"publish","type":"page","link":"https:\/\/morettofogacaconsultoria.com.br\/index.php\/avaliacao-neuropsicologica\/","title":{"rendered":"Avalia\u00e7\u00e3o Neuropsicol\u00f3gica"},"content":{"rendered":"\n<p><\/p>\n\n\n\n<p class=\"has-medium-font-size\">Avalia\u00e7\u00e3o Neuropsicol\u00f3gica \u00e9 um processo detalhado e essencial para examinar o funcionamento cerebral e sua rela\u00e7\u00e3o com o comportamento e as fun\u00e7\u00f5es cognitivas, como mem\u00f3ria, aten\u00e7\u00e3o, linguagem e habilidades de resolu\u00e7\u00e3o de problemas. Esse tipo de avalia\u00e7\u00e3o \u00e9 indicado para identificar e compreender poss\u00edveis d\u00e9ficits cognitivos e dist\u00farbios neuropsicol\u00f3gicos, auxiliando no diagn\u00f3stico e no planejamento de interven\u00e7\u00f5es espec\u00edficas.<\/p>\n\n\n\n<p class=\"has-medium-font-size\">&nbsp;<\/p>\n\n\n\n<p><a href=\"https:\/\/morettofogacaconsultoria.com.br\/index.php\/avaliacao-psicologica\/\" data-type=\"page\" data-id=\"888\">&lt;&lt;&lt; VOLTAR<\/a><\/p>\n\n\n\n<p><\/p>\n\n\n\n<p><\/p>\n","protected":false},"excerpt":{"rendered":"<p>Avalia\u00e7\u00e3o Neuropsicol\u00f3gica \u00e9 um processo detalhado e essencial para examinar o funcionamento cerebral e sua rela\u00e7\u00e3o com o comportamento e as fun\u00e7\u00f5es cognitivas, como mem\u00f3ria, aten\u00e7\u00e3o, linguagem e habilidades de &#8230;<\/p>\n","protected":false},"author":1,"featured_media":0,"parent":0,"menu_order":1,"comment_status":"closed","ping_status":"closed","template":"template-fullwidth.php","meta":{"_uag_custom_page_level_css":"","footnotes":""},"class_list":["post-902","page","type-page","status-publish","hentry"],"uagb_featured_image_src":{"full":false,"thumbnail":false,"medium":false,"medium_large":false,"large":false,"1536x1536":false,"2048x2048":false,"onepress-blog-small":false,"onepress-small":false,"onepress-medium":false},"uagb_author_info":{"display_name":"morettofogacaconsultoria","author_link":"https:\/\/morettofogacaconsultoria.com.br\/index.php\/author\/morettofogacaconsultoria\/"},"uagb_comment_info":0,"uagb_excerpt":"Avalia\u00e7\u00e3o Neuropsicol\u00f3gica \u00e9 um processo detalhado e essencial para examinar o funcionamento cerebral e sua rela\u00e7\u00e3o com o comportamento e as fun\u00e7\u00f5es cognitivas, como mem\u00f3ria, aten\u00e7\u00e3o, linguagem e habilidades de ...","_links":{"self":[{"href":"https:\/\/morettofogacaconsultoria.com.br\/index.php\/wp-json\/wp\/v2\/pages\/902","targetHints":{"allow":["GET"]}}],"collection":[{"href":"https:\/\/morettofogacaconsultoria.com.br\/index.php\/wp-json\/wp\/v2\/pages"}],"about":[{"href":"https:\/\/morettofogacaconsultoria.com.br\/index.php\/wp-json\/wp\/v2\/types\/page"}],"author":[{"embeddable":true,"href":"https:\/\/morettofogacaconsultoria.com.br\/index.php\/wp-json\/wp\/v2\/users\/1"}],"replies":[{"embeddable":true,"href":"https:\/\/morettofogacaconsultoria.com.br\/index.php\/wp-json\/wp\/v2\/comments?post=902"}],"version-history":[{"count":1,"href":"https:\/\/morettofogacaconsultoria.com.br\/index.php\/wp-json\/wp\/v2\/pages\/902\/revisions"}],"predecessor-version":[{"id":903,"href":"https:\/\/morettofogacaconsultoria.com.br\/index.php\/wp-json\/wp\/v2\/pages\/902\/revisions\/903"}],"wp:attachment":[{"href":"https:\/\/morettofogacaconsultoria.com.br\/index.php\/wp-json\/wp\/v2\/media?parent=902"}],"curies":[{"name":"wp","href":"https:\/\/api.w.org\/{rel}","templated":true}]}}