{"id":905,"date":"2024-11-03T01:16:34","date_gmt":"2024-11-03T04:16:34","guid":{"rendered":"https:\/\/morettofogacaconsultoria.com.br\/?page_id=905"},"modified":"2024-11-03T01:16:36","modified_gmt":"2024-11-03T04:16:36","slug":"avaliacoes-pre-cirurgicas","status":"publish","type":"page","link":"https:\/\/morettofogacaconsultoria.com.br\/index.php\/avaliacoes-pre-cirurgicas\/","title":{"rendered":"Avalia\u00e7\u00f5es Pr\u00e9-Cir\u00fargicas"},"content":{"rendered":"\n<p><\/p>\n\n\n\n<p class=\"has-medium-font-size\">As Avalia\u00e7\u00f5es Pr\u00e9-Cir\u00fargicas s\u00e3o necess\u00e1rias para procedimentos como vasectomia, laqueadura, cirurgia bari\u00e1trica, mudan\u00e7a de sexo e cirurgia de Parkinson, elas ajudam a preparar o paciente psicologicamente para o processo cir\u00fargico e para a adapta\u00e7\u00e3o ao p\u00f3s-operat\u00f3rio.<\/p>\n\n\n\n<p class=\"has-medium-font-size\">&nbsp;<\/p>\n\n\n\n<p><a href=\"https:\/\/morettofogacaconsultoria.com.br\/index.php\/avaliacao-psicologica\/\" data-type=\"page\" data-id=\"888\">&lt;&lt;&lt; VOLTAR<\/a><\/p>\n\n\n\n<p><\/p>\n\n\n\n<p><\/p>\n","protected":false},"excerpt":{"rendered":"<p>As Avalia\u00e7\u00f5es Pr\u00e9-Cir\u00fargicas s\u00e3o necess\u00e1rias para procedimentos como vasectomia, laqueadura, cirurgia bari\u00e1trica, mudan\u00e7a de sexo e cirurgia de Parkinson, elas ajudam a preparar o paciente psicologicamente para o processo cir\u00fargico &#8230;<\/p>\n","protected":false},"author":1,"featured_media":0,"parent":0,"menu_order":1,"comment_status":"closed","ping_status":"closed","template":"template-fullwidth.php","meta":{"_uag_custom_page_level_css":"","footnotes":""},"class_list":["post-905","page","type-page","status-publish","hentry"],"uagb_featured_image_src":{"full":false,"thumbnail":false,"medium":false,"medium_large":false,"large":false,"1536x1536":false,"2048x2048":false,"onepress-blog-small":false,"onepress-small":false,"onepress-medium":false},"uagb_author_info":{"display_name":"morettofogacaconsultoria","author_link":"https:\/\/morettofogacaconsultoria.com.br\/index.php\/author\/morettofogacaconsultoria\/"},"uagb_comment_info":0,"uagb_excerpt":"As Avalia\u00e7\u00f5es Pr\u00e9-Cir\u00fargicas s\u00e3o necess\u00e1rias para procedimentos como vasectomia, laqueadura, cirurgia bari\u00e1trica, mudan\u00e7a de sexo e cirurgia de Parkinson, elas ajudam a preparar o paciente psicologicamente para o processo cir\u00fargico ...","_links":{"self":[{"href":"https:\/\/morettofogacaconsultoria.com.br\/index.php\/wp-json\/wp\/v2\/pages\/905","targetHints":{"allow":["GET"]}}],"collection":[{"href":"https:\/\/morettofogacaconsultoria.com.br\/index.php\/wp-json\/wp\/v2\/pages"}],"about":[{"href":"https:\/\/morettofogacaconsultoria.com.br\/index.php\/wp-json\/wp\/v2\/types\/page"}],"author":[{"embeddable":true,"href":"https:\/\/morettofogacaconsultoria.com.br\/index.php\/wp-json\/wp\/v2\/users\/1"}],"replies":[{"embeddable":true,"href":"https:\/\/morettofogacaconsultoria.com.br\/index.php\/wp-json\/wp\/v2\/comments?post=905"}],"version-history":[{"count":1,"href":"https:\/\/morettofogacaconsultoria.com.br\/index.php\/wp-json\/wp\/v2\/pages\/905\/revisions"}],"predecessor-version":[{"id":907,"href":"https:\/\/morettofogacaconsultoria.com.br\/index.php\/wp-json\/wp\/v2\/pages\/905\/revisions\/907"}],"wp:attachment":[{"href":"https:\/\/morettofogacaconsultoria.com.br\/index.php\/wp-json\/wp\/v2\/media?parent=905"}],"curies":[{"name":"wp","href":"https:\/\/api.w.org\/{rel}","templated":true}]}}