{"id":916,"date":"2024-11-03T09:11:46","date_gmt":"2024-11-03T12:11:46","guid":{"rendered":"https:\/\/morettofogacaconsultoria.com.br\/?page_id=916"},"modified":"2024-11-03T09:11:47","modified_gmt":"2024-11-03T12:11:47","slug":"avaliacao-para-manuseio-registro-e-porte-de-arma-de-fogo","status":"publish","type":"page","link":"https:\/\/morettofogacaconsultoria.com.br\/index.php\/avaliacao-para-manuseio-registro-e-porte-de-arma-de-fogo\/","title":{"rendered":"Avalia\u00e7\u00e3o para Manuseio, Registro e Porte de Arma de Fogo"},"content":{"rendered":"\n<p><\/p>\n\n\n\n<p class=\"has-medium-font-size\">A Avalia\u00e7\u00e3o para Manuseio, Registro e Porte de Arma de Fogo \u00e9 realizada por profissionais credenciados pela Pol\u00edcia Federal, Ex\u00e9rcito e Brigada Militar, \u00e9 um processo rigoroso que examina o perfil psicol\u00f3gico de indiv\u00edduos que buscam autoriza\u00e7\u00e3o para o porte de arma.<\/p>\n\n\n\n<p class=\"has-medium-font-size\">&nbsp;<\/p>\n\n\n\n<p><a href=\"https:\/\/morettofogacaconsultoria.com.br\/index.php\/avaliacao-psicologica\/\" data-type=\"page\" data-id=\"888\">&lt;&lt;&lt; VOLTAR<\/a><\/p>\n\n\n\n<p><\/p>\n\n\n\n<p><\/p>\n","protected":false},"excerpt":{"rendered":"<p>A Avalia\u00e7\u00e3o para Manuseio, Registro e Porte de Arma de Fogo \u00e9 realizada por profissionais credenciados pela Pol\u00edcia Federal, Ex\u00e9rcito e Brigada Militar, \u00e9 um processo rigoroso que examina o &#8230;<\/p>\n","protected":false},"author":1,"featured_media":0,"parent":0,"menu_order":1,"comment_status":"closed","ping_status":"closed","template":"template-fullwidth.php","meta":{"_uag_custom_page_level_css":"","footnotes":""},"class_list":["post-916","page","type-page","status-publish","hentry"],"uagb_featured_image_src":{"full":false,"thumbnail":false,"medium":false,"medium_large":false,"large":false,"1536x1536":false,"2048x2048":false,"onepress-blog-small":false,"onepress-small":false,"onepress-medium":false},"uagb_author_info":{"display_name":"morettofogacaconsultoria","author_link":"https:\/\/morettofogacaconsultoria.com.br\/index.php\/author\/morettofogacaconsultoria\/"},"uagb_comment_info":0,"uagb_excerpt":"A Avalia\u00e7\u00e3o para Manuseio, Registro e Porte de Arma de Fogo \u00e9 realizada por profissionais credenciados pela Pol\u00edcia Federal, Ex\u00e9rcito e Brigada Militar, \u00e9 um processo rigoroso que examina o ...","_links":{"self":[{"href":"https:\/\/morettofogacaconsultoria.com.br\/index.php\/wp-json\/wp\/v2\/pages\/916","targetHints":{"allow":["GET"]}}],"collection":[{"href":"https:\/\/morettofogacaconsultoria.com.br\/index.php\/wp-json\/wp\/v2\/pages"}],"about":[{"href":"https:\/\/morettofogacaconsultoria.com.br\/index.php\/wp-json\/wp\/v2\/types\/page"}],"author":[{"embeddable":true,"href":"https:\/\/morettofogacaconsultoria.com.br\/index.php\/wp-json\/wp\/v2\/users\/1"}],"replies":[{"embeddable":true,"href":"https:\/\/morettofogacaconsultoria.com.br\/index.php\/wp-json\/wp\/v2\/comments?post=916"}],"version-history":[{"count":1,"href":"https:\/\/morettofogacaconsultoria.com.br\/index.php\/wp-json\/wp\/v2\/pages\/916\/revisions"}],"predecessor-version":[{"id":917,"href":"https:\/\/morettofogacaconsultoria.com.br\/index.php\/wp-json\/wp\/v2\/pages\/916\/revisions\/917"}],"wp:attachment":[{"href":"https:\/\/morettofogacaconsultoria.com.br\/index.php\/wp-json\/wp\/v2\/media?parent=916"}],"curies":[{"name":"wp","href":"https:\/\/api.w.org\/{rel}","templated":true}]}}