{"id":919,"date":"2024-11-03T09:19:17","date_gmt":"2024-11-03T12:19:17","guid":{"rendered":"https:\/\/morettofogacaconsultoria.com.br\/?page_id=919"},"modified":"2024-11-03T09:19:18","modified_gmt":"2024-11-03T12:19:18","slug":"atuacao-como-assistente-tecnico-em-casos-juridicos","status":"publish","type":"page","link":"https:\/\/morettofogacaconsultoria.com.br\/index.php\/atuacao-como-assistente-tecnico-em-casos-juridicos\/","title":{"rendered":"Atua\u00e7\u00e3o como Assistente T\u00e9cnico em Casos Jur\u00eddicos"},"content":{"rendered":"\n<p><\/p>\n\n\n\n<p class=\"has-medium-font-size\">Atuamos como assistentes t\u00e9cnicos em processos judiciais, realizando an\u00e1lises e pareceres t\u00e9cnicos que respaldem a argumenta\u00e7\u00e3o jur\u00eddica com bases psicol\u00f3gicas s\u00f3lidas.<\/p>\n\n\n\n<p class=\"has-medium-font-size\">&nbsp;<\/p>\n\n\n\n<p><a href=\"https:\/\/morettofogacaconsultoria.com.br\/index.php\/avaliacao-psicologica\/\" data-type=\"page\" data-id=\"888\">&lt;&lt;&lt; VOLTAR<\/a><\/p>\n\n\n\n<p><\/p>\n\n\n\n<p><\/p>\n","protected":false},"excerpt":{"rendered":"<p>Atuamos como assistentes t\u00e9cnicos em processos judiciais, realizando an\u00e1lises e pareceres t\u00e9cnicos que respaldem a argumenta\u00e7\u00e3o jur\u00eddica com bases psicol\u00f3gicas s\u00f3lidas. &nbsp; &lt;&lt;&lt; VOLTAR<\/p>\n","protected":false},"author":1,"featured_media":0,"parent":0,"menu_order":1,"comment_status":"closed","ping_status":"closed","template":"template-fullwidth.php","meta":{"_uag_custom_page_level_css":"","footnotes":""},"class_list":["post-919","page","type-page","status-publish","hentry"],"uagb_featured_image_src":{"full":false,"thumbnail":false,"medium":false,"medium_large":false,"large":false,"1536x1536":false,"2048x2048":false,"onepress-blog-small":false,"onepress-small":false,"onepress-medium":false},"uagb_author_info":{"display_name":"morettofogacaconsultoria","author_link":"https:\/\/morettofogacaconsultoria.com.br\/index.php\/author\/morettofogacaconsultoria\/"},"uagb_comment_info":0,"uagb_excerpt":"Atuamos como assistentes t\u00e9cnicos em processos judiciais, realizando an\u00e1lises e pareceres t\u00e9cnicos que respaldem a argumenta\u00e7\u00e3o jur\u00eddica com bases psicol\u00f3gicas s\u00f3lidas. &nbsp; &lt;&lt;&lt; VOLTAR","_links":{"self":[{"href":"https:\/\/morettofogacaconsultoria.com.br\/index.php\/wp-json\/wp\/v2\/pages\/919","targetHints":{"allow":["GET"]}}],"collection":[{"href":"https:\/\/morettofogacaconsultoria.com.br\/index.php\/wp-json\/wp\/v2\/pages"}],"about":[{"href":"https:\/\/morettofogacaconsultoria.com.br\/index.php\/wp-json\/wp\/v2\/types\/page"}],"author":[{"embeddable":true,"href":"https:\/\/morettofogacaconsultoria.com.br\/index.php\/wp-json\/wp\/v2\/users\/1"}],"replies":[{"embeddable":true,"href":"https:\/\/morettofogacaconsultoria.com.br\/index.php\/wp-json\/wp\/v2\/comments?post=919"}],"version-history":[{"count":1,"href":"https:\/\/morettofogacaconsultoria.com.br\/index.php\/wp-json\/wp\/v2\/pages\/919\/revisions"}],"predecessor-version":[{"id":921,"href":"https:\/\/morettofogacaconsultoria.com.br\/index.php\/wp-json\/wp\/v2\/pages\/919\/revisions\/921"}],"wp:attachment":[{"href":"https:\/\/morettofogacaconsultoria.com.br\/index.php\/wp-json\/wp\/v2\/media?parent=919"}],"curies":[{"name":"wp","href":"https:\/\/api.w.org\/{rel}","templated":true}]}}