{"id":920,"date":"2024-11-03T09:20:33","date_gmt":"2024-11-03T12:20:33","guid":{"rendered":"https:\/\/morettofogacaconsultoria.com.br\/?page_id=920"},"modified":"2024-11-03T09:20:34","modified_gmt":"2024-11-03T12:20:34","slug":"revisao-de-avaliacoes-psicologicas-para-concursos-publicos","status":"publish","type":"page","link":"https:\/\/morettofogacaconsultoria.com.br\/index.php\/revisao-de-avaliacoes-psicologicas-para-concursos-publicos\/","title":{"rendered":"Revis\u00e3o de Avalia\u00e7\u00f5es Psicol\u00f3gicas para Concursos P\u00fablicos"},"content":{"rendered":"\n<p><\/p>\n\n\n\n<p class=\"has-medium-font-size\">Revisamos avalia\u00e7\u00f5es realizadas para concursos, assegurando a adequa\u00e7\u00e3o dos m\u00e9todos e o cumprimento das normas t\u00e9cnicas.<\/p>\n\n\n\n<p class=\"has-medium-font-size\">&nbsp;<\/p>\n\n\n\n<p><a href=\"https:\/\/morettofogacaconsultoria.com.br\/index.php\/avaliacao-psicologica\/\" data-type=\"page\" data-id=\"888\">&lt;&lt;&lt; VOLTAR<\/a><\/p>\n\n\n\n<p><\/p>\n\n\n\n<p><\/p>\n","protected":false},"excerpt":{"rendered":"<p>Revisamos avalia\u00e7\u00f5es realizadas para concursos, assegurando a adequa\u00e7\u00e3o dos m\u00e9todos e o cumprimento das normas t\u00e9cnicas. &nbsp; &lt;&lt;&lt; VOLTAR<\/p>\n","protected":false},"author":1,"featured_media":0,"parent":0,"menu_order":1,"comment_status":"closed","ping_status":"closed","template":"template-fullwidth.php","meta":{"_uag_custom_page_level_css":"","footnotes":""},"class_list":["post-920","page","type-page","status-publish","hentry"],"uagb_featured_image_src":{"full":false,"thumbnail":false,"medium":false,"medium_large":false,"large":false,"1536x1536":false,"2048x2048":false,"onepress-blog-small":false,"onepress-small":false,"onepress-medium":false},"uagb_author_info":{"display_name":"morettofogacaconsultoria","author_link":"https:\/\/morettofogacaconsultoria.com.br\/index.php\/author\/morettofogacaconsultoria\/"},"uagb_comment_info":0,"uagb_excerpt":"Revisamos avalia\u00e7\u00f5es realizadas para concursos, assegurando a adequa\u00e7\u00e3o dos m\u00e9todos e o cumprimento das normas t\u00e9cnicas. &nbsp; &lt;&lt;&lt; VOLTAR","_links":{"self":[{"href":"https:\/\/morettofogacaconsultoria.com.br\/index.php\/wp-json\/wp\/v2\/pages\/920","targetHints":{"allow":["GET"]}}],"collection":[{"href":"https:\/\/morettofogacaconsultoria.com.br\/index.php\/wp-json\/wp\/v2\/pages"}],"about":[{"href":"https:\/\/morettofogacaconsultoria.com.br\/index.php\/wp-json\/wp\/v2\/types\/page"}],"author":[{"embeddable":true,"href":"https:\/\/morettofogacaconsultoria.com.br\/index.php\/wp-json\/wp\/v2\/users\/1"}],"replies":[{"embeddable":true,"href":"https:\/\/morettofogacaconsultoria.com.br\/index.php\/wp-json\/wp\/v2\/comments?post=920"}],"version-history":[{"count":1,"href":"https:\/\/morettofogacaconsultoria.com.br\/index.php\/wp-json\/wp\/v2\/pages\/920\/revisions"}],"predecessor-version":[{"id":923,"href":"https:\/\/morettofogacaconsultoria.com.br\/index.php\/wp-json\/wp\/v2\/pages\/920\/revisions\/923"}],"wp:attachment":[{"href":"https:\/\/morettofogacaconsultoria.com.br\/index.php\/wp-json\/wp\/v2\/media?parent=920"}],"curies":[{"name":"wp","href":"https:\/\/api.w.org\/{rel}","templated":true}]}}