{"id":925,"date":"2024-11-03T09:29:34","date_gmt":"2024-11-03T12:29:34","guid":{"rendered":"https:\/\/morettofogacaconsultoria.com.br\/?page_id=925"},"modified":"2024-11-03T09:29:35","modified_gmt":"2024-11-03T12:29:35","slug":"supervisao-para-colegas-psicologos","status":"publish","type":"page","link":"https:\/\/morettofogacaconsultoria.com.br\/index.php\/supervisao-para-colegas-psicologos\/","title":{"rendered":"Supervis\u00e3o para Colegas Psic\u00f3logos"},"content":{"rendered":"\n<p><\/p>\n\n\n\n<p class=\"has-medium-font-size\">Oferecemos supervis\u00e3o para profissionais que est\u00e3o iniciando na \u00e1rea de avalia\u00e7\u00e3o psicol\u00f3gica ou que desejam se reciclar, proporcionando apoio t\u00e9cnico e reflex\u00f5es que contribuem para o desenvolvimento cont\u00ednuo.<\/p>\n\n\n\n<p class=\"has-medium-font-size\">\u00a0<\/p>\n\n\n\n<p><a href=\"https:\/\/morettofogacaconsultoria.com.br\/index.php\/avaliacao-psicologica\/\" data-type=\"page\" data-id=\"888\">&lt;&lt;&lt; VOLTAR<\/a><\/p>\n\n\n\n<p><\/p>\n\n\n\n<p><\/p>\n","protected":false},"excerpt":{"rendered":"<p>Oferecemos supervis\u00e3o para profissionais que est\u00e3o iniciando na \u00e1rea de avalia\u00e7\u00e3o psicol\u00f3gica ou que desejam se reciclar, proporcionando apoio t\u00e9cnico e reflex\u00f5es que contribuem para o desenvolvimento cont\u00ednuo. \u00a0 &lt;&lt;&lt; &#8230;<\/p>\n","protected":false},"author":1,"featured_media":0,"parent":0,"menu_order":1,"comment_status":"closed","ping_status":"closed","template":"template-fullwidth.php","meta":{"_uag_custom_page_level_css":"","footnotes":""},"class_list":["post-925","page","type-page","status-publish","hentry"],"uagb_featured_image_src":{"full":false,"thumbnail":false,"medium":false,"medium_large":false,"large":false,"1536x1536":false,"2048x2048":false,"onepress-blog-small":false,"onepress-small":false,"onepress-medium":false},"uagb_author_info":{"display_name":"morettofogacaconsultoria","author_link":"https:\/\/morettofogacaconsultoria.com.br\/index.php\/author\/morettofogacaconsultoria\/"},"uagb_comment_info":0,"uagb_excerpt":"Oferecemos supervis\u00e3o para profissionais que est\u00e3o iniciando na \u00e1rea de avalia\u00e7\u00e3o psicol\u00f3gica ou que desejam se reciclar, proporcionando apoio t\u00e9cnico e reflex\u00f5es que contribuem para o desenvolvimento cont\u00ednuo. \u00a0 &lt;&lt;&lt; ...","_links":{"self":[{"href":"https:\/\/morettofogacaconsultoria.com.br\/index.php\/wp-json\/wp\/v2\/pages\/925","targetHints":{"allow":["GET"]}}],"collection":[{"href":"https:\/\/morettofogacaconsultoria.com.br\/index.php\/wp-json\/wp\/v2\/pages"}],"about":[{"href":"https:\/\/morettofogacaconsultoria.com.br\/index.php\/wp-json\/wp\/v2\/types\/page"}],"author":[{"embeddable":true,"href":"https:\/\/morettofogacaconsultoria.com.br\/index.php\/wp-json\/wp\/v2\/users\/1"}],"replies":[{"embeddable":true,"href":"https:\/\/morettofogacaconsultoria.com.br\/index.php\/wp-json\/wp\/v2\/comments?post=925"}],"version-history":[{"count":1,"href":"https:\/\/morettofogacaconsultoria.com.br\/index.php\/wp-json\/wp\/v2\/pages\/925\/revisions"}],"predecessor-version":[{"id":927,"href":"https:\/\/morettofogacaconsultoria.com.br\/index.php\/wp-json\/wp\/v2\/pages\/925\/revisions\/927"}],"wp:attachment":[{"href":"https:\/\/morettofogacaconsultoria.com.br\/index.php\/wp-json\/wp\/v2\/media?parent=925"}],"curies":[{"name":"wp","href":"https:\/\/api.w.org\/{rel}","templated":true}]}}